{"id":823,"date":"2025-07-23T20:53:34","date_gmt":"2025-07-23T18:53:34","guid":{"rendered":"https:\/\/lernenmachtspass.net\/?page_id=823"},"modified":"2025-08-30T08:45:28","modified_gmt":"2025-08-30T06:45:28","slug":"termine","status":"publish","type":"page","link":"https:\/\/lernenmachtspass.net\/index.php\/termine\/","title":{"rendered":"Termine"},"content":{"rendered":"\n<h3 class=\"wp-block-heading\">Angebote:<\/h3>\n\n\n\n<p>Leichter lernen mit mehr Spa\u00df: Confido Lernprogramm<br><a href=\"https:\/\/lernenmachtspass.net\/index.php\/fliege-in-deine-goldenen-zukunft\/\">Workshops<\/a> damit du dein Leben verbessern kannst:<br><a href=\"https:\/\/lernenmachtspass.net\/index.php\/fliege-in-deine-goldenen-zukunft\/\">Flieg in deine goldene Zukunft <\/a>(Lebensplanung)<\/p>\n\n\n\n<p>Zeichne dir dein Leben, wie es dir gef\u00e4llt, mit <a href=\"https:\/\/lernenmachtspass.net\/index.php\/neurographikr\/\">NeuroGraphik<\/a>. Lerne, wie es geht und erlebe Schritt f\u00fcr Schritt, <a href=\"https:\/\/lernenmachtspass.net\/index.php\/neurographikr\/\">\u2013 wie du durch Zeichnen mehr zu deinem Frieden kommst<\/a>.<br><a href=\"https:\/\/lernenmachtspass.net\/index.php\/lernen-durch-klang\/\">Erlebe die Welt mit Klang<\/a>, entspanne und lerne dich neu kennen.<br>Erlebe dich beim <a href=\"https:\/\/lernenmachtspass.net\/index.php\/2022\/06\/09\/kakao-am-steinkreis\/\">Kakao am Steinkreis<\/a> und erfahre neue Verbindungen und komme zu innerem Frieden.<\/p>\n\n\n\n<h3 class=\"wp-block-heading\">Aktionen zu Lernen und Leben<\/h3>\n\n\n\n<p>30.08.25 9:30 Flieg in deine goldene Zukunft (geschlossene Gruppe)<\/p>\n\n\n\n<p>07.11.25 \u2013 09.11.25 <a href=\"https:\/\/lernenmachtspass.net\/index.php\/fliege-in-deine-goldenen-zukunft\/\">Fliege in deine goldene Zukunft<\/a> Jahres und -Lebensplanung in Travem\u00fcnde<\/p>\n\n\n\n<p>Im Herbst 25 In Balance kommen: Ein Tag mit Yoga und neurographischem Zeichnen in Tangerh\u00fctte<\/p>\n\n\n\n<p>1.11.25 &#8211; 2.11.25  10:00 \u2013 17:00 Das Beste von den Ahnen<br>\u2013 Zeichnen und \u00dcbungen, um den Ahnen in st\u00e4rkender Weise zu begegnen<\/p>\n\n\n\n<p>27.12.25: Jahresr\u00fcckblick 2025, anschlie\u00dfend Kakao<\/p>\n\n\n\n<p>10.01.26 \u2013 11.01.26 <a href=\"https:\/\/lernenmachtspass.net\/index.php\/fliege-in-deine-goldenen-zukunft\/\">Fliege in deine goldene Zukunft<\/a> Jahres und -Lebensplanung bei mir in Petershagen<\/p>\n\n\n\n<p>20.01.26-28.06.25 Ikonenworkshop in Griechenland: Zeichne deine eigene Ikone unter Anleitung von Vasiliki Mellissi <\/p>\n\n\n\n<p>Weitere Workshoptermine nach Absprache. Fragen und Anmeldung per mail oder per SMS\u2026<\/p>\n\n\n\n<p>NeuroGraphik Basiskurse jeweils 18:00 bis 21:00<\/p>\n\n\n\n<p>Anmeldung auch als geschlossene Gruppe m\u00f6glich<br>Anfragen an: termin@lernenmachtspass.net<\/p>\n\n\n\n<p>Weitere Termine zum dran bleiben folgen<\/p>\n\n\n\n<p>Frag mich an, wenn du dein Thema hier nicht findest<\/p>\n\n\n\n<p>melde dich bei mir: besser@lernenmachtspass.net<\/p>\n\n\n\n<figure class=\"wp-block-image\"><img decoding=\"async\" loading=\"lazy\" width=\"1024\" height=\"705\" src=\"https:\/\/lernenmachtspass.net\/wp-content\/uploads\/2024\/04\/IMG_20240423_180015__01-1024x705.jpg\" alt=\"\" class=\"wp-image-590\" srcset=\"https:\/\/lernenmachtspass.net\/wp-content\/uploads\/2024\/04\/IMG_20240423_180015__01-1024x705.jpg 1024w, https:\/\/lernenmachtspass.net\/wp-content\/uploads\/2024\/04\/IMG_20240423_180015__01-300x207.jpg 300w, https:\/\/lernenmachtspass.net\/wp-content\/uploads\/2024\/04\/IMG_20240423_180015__01-768x529.jpg 768w, https:\/\/lernenmachtspass.net\/wp-content\/uploads\/2024\/04\/IMG_20240423_180015__01-1536x1057.jpg 1536w, https:\/\/lernenmachtspass.net\/wp-content\/uploads\/2024\/04\/IMG_20240423_180015__01-2048x1410.jpg 2048w, https:\/\/lernenmachtspass.net\/wp-content\/uploads\/2024\/04\/IMG_20240423_180015__01-1200x826.jpg 1200w, https:\/\/lernenmachtspass.net\/wp-content\/uploads\/2024\/04\/IMG_20240423_180015__01-1980x1363.jpg 1980w\" sizes=\"(max-width: 1024px) 100vw, 1024px\" \/><figcaption class=\"wp-element-caption\"><strong>Ein Beispiel um durch eine Zeichnung Motivation f\u00fcr etwas, zu bekommen, bei dem es schwer f\u00e4llt, anzufangen.<\/strong><\/figcaption><\/figure>\n\n\n\n<p>F\u00fchle dich willkommen in deinem Leben und du bist die beste Version von dir! Dann f\u00e4llt es dir pl\u00f6tzlich leicht, neue Erfahrungen als wichtige Lernschritte einzuordnen \u2013 und dabei Spa\u00df zu haben.<br>Ich ermutige und unterst\u00fctze dich, deinen eigenen Weg zu gehen, damit du gl\u00fccklicher und freier lebst. Wenn du ahnst, oder wei\u00dft, dass dein Leben besser laufen k\u00f6nnte, als es das tut:<\/p>\n\n\n\n<p>Du bist bei mir willkommen!<\/p>\n\n\n\n<p><br>Melde dich per mail bei mir: besser@lernenmachtspass.net<br>Wir schauen, was zu dir passt.<\/p>\n","protected":false},"excerpt":{"rendered":"<p>Angebote: Leichter lernen mit mehr Spa\u00df: Confido LernprogrammWorkshops damit du dein Leben verbessern kannst:Flieg in deine goldene Zukunft (Lebensplanung) Zeichne dir dein Leben, wie es dir gef\u00e4llt, mit NeuroGraphik. Lerne, wie es geht und erlebe Schritt f\u00fcr Schritt, \u2013 wie du durch Zeichnen mehr zu deinem Frieden kommst.Erlebe die Welt mit Klang, entspanne und lerne [&hellip;]<\/p>\n","protected":false},"author":2,"featured_media":0,"parent":0,"menu_order":0,"comment_status":"closed","ping_status":"closed","template":"","meta":[],"yoast_head":"<!-- This site is optimized with the Yoast SEO plugin v20.8 - https:\/\/yoast.com\/wordpress\/plugins\/seo\/ -->\n<title>Termine - Lustvoll lernen!<\/title>\n<meta name=\"description\" content=\"Termine f\u00fcr Workshops und Links zum Inhalt\" \/>\n<meta name=\"robots\" content=\"index, follow, max-snippet:-1, max-image-preview:large, max-video-preview:-1\" \/>\n<link rel=\"canonical\" href=\"https:\/\/lernenmachtspass.net\/index.php\/termine\/\" \/>\n<meta property=\"og:locale\" content=\"de_DE\" \/>\n<meta property=\"og:type\" content=\"article\" \/>\n<meta property=\"og:title\" content=\"Termine - Lustvoll lernen!\" \/>\n<meta property=\"og:description\" content=\"Termine f\u00fcr Workshops und Links zum Inhalt\" \/>\n<meta property=\"og:url\" content=\"https:\/\/lernenmachtspass.net\/index.php\/termine\/\" \/>\n<meta property=\"og:site_name\" content=\"Lustvoll lernen!\" \/>\n<meta property=\"article:modified_time\" content=\"2025-08-30T06:45:28+00:00\" \/>\n<meta property=\"og:image\" content=\"https:\/\/lernenmachtspass.net\/wp-content\/uploads\/2024\/04\/IMG_20240423_180015__01-1024x705.jpg\" \/>\n<meta name=\"twitter:card\" content=\"summary_large_image\" \/>\n<meta name=\"twitter:label1\" content=\"Gesch\u00e4tzte Lesezeit\" \/>\n\t<meta name=\"twitter:data1\" content=\"2\u00a0Minuten\" \/>\n<script type=\"application\/ld+json\" class=\"yoast-schema-graph\">{\"@context\":\"https:\/\/schema.org\",\"@graph\":[{\"@type\":\"WebPage\",\"@id\":\"https:\/\/lernenmachtspass.net\/index.php\/termine\/\",\"url\":\"https:\/\/lernenmachtspass.net\/index.php\/termine\/\",\"name\":\"Termine - Lustvoll lernen!\",\"isPartOf\":{\"@id\":\"https:\/\/lernenmachtspass.net\/#website\"},\"datePublished\":\"2025-07-23T18:53:34+00:00\",\"dateModified\":\"2025-08-30T06:45:28+00:00\",\"description\":\"Termine f\u00fcr Workshops und Links zum Inhalt\",\"breadcrumb\":{\"@id\":\"https:\/\/lernenmachtspass.net\/index.php\/termine\/#breadcrumb\"},\"inLanguage\":\"de\",\"potentialAction\":[{\"@type\":\"ReadAction\",\"target\":[\"https:\/\/lernenmachtspass.net\/index.php\/termine\/\"]}]},{\"@type\":\"BreadcrumbList\",\"@id\":\"https:\/\/lernenmachtspass.net\/index.php\/termine\/#breadcrumb\",\"itemListElement\":[{\"@type\":\"ListItem\",\"position\":1,\"name\":\"Startseite\",\"item\":\"https:\/\/lernenmachtspass.net\/\"},{\"@type\":\"ListItem\",\"position\":2,\"name\":\"Termine\"}]},{\"@type\":\"WebSite\",\"@id\":\"https:\/\/lernenmachtspass.net\/#website\",\"url\":\"https:\/\/lernenmachtspass.net\/\",\"name\":\"Lustvoll lernen!\",\"description\":\"Lerne und dein Leben verbessert dich\",\"potentialAction\":[{\"@type\":\"SearchAction\",\"target\":{\"@type\":\"EntryPoint\",\"urlTemplate\":\"https:\/\/lernenmachtspass.net\/?s={search_term_string}\"},\"query-input\":\"required name=search_term_string\"}],\"inLanguage\":\"de\"}]}<\/script>\n<!-- \/ Yoast SEO plugin. -->","yoast_head_json":{"title":"Termine - Lustvoll lernen!","description":"Termine f\u00fcr Workshops und Links zum Inhalt","robots":{"index":"index","follow":"follow","max-snippet":"max-snippet:-1","max-image-preview":"max-image-preview:large","max-video-preview":"max-video-preview:-1"},"canonical":"https:\/\/lernenmachtspass.net\/index.php\/termine\/","og_locale":"de_DE","og_type":"article","og_title":"Termine - Lustvoll lernen!","og_description":"Termine f\u00fcr Workshops und Links zum Inhalt","og_url":"https:\/\/lernenmachtspass.net\/index.php\/termine\/","og_site_name":"Lustvoll lernen!","article_modified_time":"2025-08-30T06:45:28+00:00","og_image":[{"url":"https:\/\/lernenmachtspass.net\/wp-content\/uploads\/2024\/04\/IMG_20240423_180015__01-1024x705.jpg"}],"twitter_card":"summary_large_image","twitter_misc":{"Gesch\u00e4tzte Lesezeit":"2\u00a0Minuten"},"schema":{"@context":"https:\/\/schema.org","@graph":[{"@type":"WebPage","@id":"https:\/\/lernenmachtspass.net\/index.php\/termine\/","url":"https:\/\/lernenmachtspass.net\/index.php\/termine\/","name":"Termine - Lustvoll lernen!","isPartOf":{"@id":"https:\/\/lernenmachtspass.net\/#website"},"datePublished":"2025-07-23T18:53:34+00:00","dateModified":"2025-08-30T06:45:28+00:00","description":"Termine f\u00fcr Workshops und Links zum Inhalt","breadcrumb":{"@id":"https:\/\/lernenmachtspass.net\/index.php\/termine\/#breadcrumb"},"inLanguage":"de","potentialAction":[{"@type":"ReadAction","target":["https:\/\/lernenmachtspass.net\/index.php\/termine\/"]}]},{"@type":"BreadcrumbList","@id":"https:\/\/lernenmachtspass.net\/index.php\/termine\/#breadcrumb","itemListElement":[{"@type":"ListItem","position":1,"name":"Startseite","item":"https:\/\/lernenmachtspass.net\/"},{"@type":"ListItem","position":2,"name":"Termine"}]},{"@type":"WebSite","@id":"https:\/\/lernenmachtspass.net\/#website","url":"https:\/\/lernenmachtspass.net\/","name":"Lustvoll lernen!","description":"Lerne und dein Leben verbessert dich","potentialAction":[{"@type":"SearchAction","target":{"@type":"EntryPoint","urlTemplate":"https:\/\/lernenmachtspass.net\/?s={search_term_string}"},"query-input":"required name=search_term_string"}],"inLanguage":"de"}]}},"_links":{"self":[{"href":"https:\/\/lernenmachtspass.net\/index.php\/wp-json\/wp\/v2\/pages\/823"}],"collection":[{"href":"https:\/\/lernenmachtspass.net\/index.php\/wp-json\/wp\/v2\/pages"}],"about":[{"href":"https:\/\/lernenmachtspass.net\/index.php\/wp-json\/wp\/v2\/types\/page"}],"author":[{"embeddable":true,"href":"https:\/\/lernenmachtspass.net\/index.php\/wp-json\/wp\/v2\/users\/2"}],"replies":[{"embeddable":true,"href":"https:\/\/lernenmachtspass.net\/index.php\/wp-json\/wp\/v2\/comments?post=823"}],"version-history":[{"count":5,"href":"https:\/\/lernenmachtspass.net\/index.php\/wp-json\/wp\/v2\/pages\/823\/revisions"}],"predecessor-version":[{"id":848,"href":"https:\/\/lernenmachtspass.net\/index.php\/wp-json\/wp\/v2\/pages\/823\/revisions\/848"}],"wp:attachment":[{"href":"https:\/\/lernenmachtspass.net\/index.php\/wp-json\/wp\/v2\/media?parent=823"}],"curies":[{"name":"wp","href":"https:\/\/api.w.org\/{rel}","templated":true}]}}