{"id":616,"date":"2024-05-17T16:27:48","date_gmt":"2024-05-17T14:27:48","guid":{"rendered":"https:\/\/lernenmachtspass.net\/?page_id=616"},"modified":"2025-02-10T13:20:24","modified_gmt":"2025-02-10T12:20:24","slug":"neurographikr","status":"publish","type":"page","link":"https:\/\/lernenmachtspass.net\/index.php\/neurographikr\/","title":{"rendered":"NeuroGraphik(R)"},"content":{"rendered":"\n<h3 class=\"wp-block-heading\">So wird dein Stift zu deinem pers\u00f6nlichen Zauberstab!<\/h3>\n\n\n\n<p>Was ist NeuroGraphik(R)?<br>Eine Art zu zeichnen, mit der du mit deiner Seele und deinem Unbewussten Raum gibst. <\/p>\n\n\n\n<figure class=\"wp-block-image size-large is-resized\"><img decoding=\"async\" loading=\"lazy\" src=\"https:\/\/lernenmachtspass.net\/wp-content\/uploads\/2024\/04\/IMG_20240403_184928__01-2-1024x685.jpg\" alt=\"\" class=\"wp-image-600\" width=\"377\" height=\"253\" srcset=\"https:\/\/lernenmachtspass.net\/wp-content\/uploads\/2024\/04\/IMG_20240403_184928__01-2-1024x685.jpg 1024w, https:\/\/lernenmachtspass.net\/wp-content\/uploads\/2024\/04\/IMG_20240403_184928__01-2-300x201.jpg 300w, https:\/\/lernenmachtspass.net\/wp-content\/uploads\/2024\/04\/IMG_20240403_184928__01-2-768x514.jpg 768w, https:\/\/lernenmachtspass.net\/wp-content\/uploads\/2024\/04\/IMG_20240403_184928__01-2-1536x1027.jpg 1536w, https:\/\/lernenmachtspass.net\/wp-content\/uploads\/2024\/04\/IMG_20240403_184928__01-2-2048x1370.jpg 2048w, https:\/\/lernenmachtspass.net\/wp-content\/uploads\/2024\/04\/IMG_20240403_184928__01-2-1200x802.jpg 1200w, https:\/\/lernenmachtspass.net\/wp-content\/uploads\/2024\/04\/IMG_20240403_184928__01-2-1980x1324.jpg 1980w\" sizes=\"(max-width: 377px) 100vw, 377px\" \/><\/figure>\n\n\n\n<p>F\u00fcr mich erschlie\u00dfen sich durch die einfachen Zeichnungen neue Welten und ich helfe dir, das du auch neue Perspektiven in den Bildern jenseits von richtig und falsch erkennen kannst. Lass dich von deinen Linien in deinem Leben weiterbringen!<br>Was du denken kannst, kannst du auch in dein Leben bringen! Das Zeichnen hilft dir Gedanken, die noch sehr unklar sind, ohne Worte auszudr\u00fccken. Wenn du magst, kannst du deinen Gedankenstrom und deine Gef\u00fchle damit zum Positiven ver\u00e4ndern. So kannst du Glaubenss\u00e4tze, die dich hindern so umwandeln, dass sie hilfreich sind &#8211; und du sie auch glauben kannst! <br>Genauso kannst du Projekte planen, dabei neue Perspektiven einnehmen und erleben, was noch wichtig ist, damit dein Projekt erfolgreich ist.<\/p>\n\n\n\n<figure class=\"wp-block-image size-large is-resized\"><img decoding=\"async\" loading=\"lazy\" src=\"https:\/\/lernenmachtspass.net\/wp-content\/uploads\/2024\/04\/IMG_20240407_155424__01-1024x731.jpg\" alt=\"\" class=\"wp-image-599\" width=\"389\" height=\"277\" srcset=\"https:\/\/lernenmachtspass.net\/wp-content\/uploads\/2024\/04\/IMG_20240407_155424__01-1024x731.jpg 1024w, https:\/\/lernenmachtspass.net\/wp-content\/uploads\/2024\/04\/IMG_20240407_155424__01-300x214.jpg 300w, https:\/\/lernenmachtspass.net\/wp-content\/uploads\/2024\/04\/IMG_20240407_155424__01-768x548.jpg 768w, https:\/\/lernenmachtspass.net\/wp-content\/uploads\/2024\/04\/IMG_20240407_155424__01-1536x1096.jpg 1536w, https:\/\/lernenmachtspass.net\/wp-content\/uploads\/2024\/04\/IMG_20240407_155424__01-2048x1461.jpg 2048w, https:\/\/lernenmachtspass.net\/wp-content\/uploads\/2024\/04\/IMG_20240407_155424__01-1200x856.jpg 1200w, https:\/\/lernenmachtspass.net\/wp-content\/uploads\/2024\/04\/IMG_20240407_155424__01-1980x1413.jpg 1980w\" sizes=\"(max-width: 389px) 100vw, 389px\" \/><\/figure>\n\n\n\n<p>Wenn du Motivation brauchst, oder dich etwas von einer konkreten Aufgaben oder von einem gl\u00fccklicheren Leben abh\u00e4lt, kannst du dir mit dieser Art des Zeichnens genau das ins Leben zeichnen, was du dir w\u00fcnschst.<\/p>\n\n\n\n<figure class=\"wp-block-image size-large is-resized\"><img decoding=\"async\" loading=\"lazy\" src=\"https:\/\/lernenmachtspass.net\/wp-content\/uploads\/2024\/04\/IMG_20240423_180015__01-1024x705.jpg\" alt=\"\" class=\"wp-image-590\" width=\"391\" height=\"269\" srcset=\"https:\/\/lernenmachtspass.net\/wp-content\/uploads\/2024\/04\/IMG_20240423_180015__01-1024x705.jpg 1024w, https:\/\/lernenmachtspass.net\/wp-content\/uploads\/2024\/04\/IMG_20240423_180015__01-300x207.jpg 300w, https:\/\/lernenmachtspass.net\/wp-content\/uploads\/2024\/04\/IMG_20240423_180015__01-768x529.jpg 768w, https:\/\/lernenmachtspass.net\/wp-content\/uploads\/2024\/04\/IMG_20240423_180015__01-1536x1057.jpg 1536w, https:\/\/lernenmachtspass.net\/wp-content\/uploads\/2024\/04\/IMG_20240423_180015__01-2048x1410.jpg 2048w, https:\/\/lernenmachtspass.net\/wp-content\/uploads\/2024\/04\/IMG_20240423_180015__01-1200x826.jpg 1200w, https:\/\/lernenmachtspass.net\/wp-content\/uploads\/2024\/04\/IMG_20240423_180015__01-1980x1363.jpg 1980w\" sizes=\"(max-width: 391px) 100vw, 391px\" \/><figcaption class=\"wp-element-caption\">Nach dem Zeichnen dieses Bildes war ich 6 Tage in einem sehr produktiven Flow und habe mehr erledigt, als im restlichen Monat!<\/figcaption><\/figure>\n\n\n\n<p>Wie funktioniert das?<\/p>\n\n\n\n<p>Du lernst bestimmte Regeln nach denen gezeichnet wird. Damit machst du aus einer einfachen Zeichnung eine Zeichnung, die f\u00fcr dich wirkt. W\u00e4hrend des ganzen Zeichenprozesses beobachtest du dich und wirst dadurch auch in deinem Leben aufmerksamer f\u00fcr die Botschaften deines K\u00f6rpers und deiner Seele.<\/p>\n\n\n\n<p>Mit einer (oder mehreren) Zeichnungen kannst du die Welt nicht ver\u00e4ndern, aber du ver\u00e4nderst deinen Blick auf die Welt. Mit deinem neuen Blick \u00e4ndert sich etwas in dir, was Auswirkungen nach au\u00dfen hat.  <br>Klingt unglaublich? Probiere es einfach aus!<\/p>\n\n\n\n<p>Wie? Das erf\u00e4hrst du im Basiskurs bei mir &#8211; wenn du erst mal schauen m\u00f6chtest, sei beim Kennenlernen dabei! Anmeldung und Fragen per mail: kurs@lernenmachtspass.net<\/p>\n\n\n\n<h3 class=\"wp-block-heading\">N\u00e4chste Kennenlernkurse: <\/h3>\n\n\n\n<p>Lerne erste Schritte in der NeuroGraphik und erlebe selbst, wie sich deine Laune beim Zeichnen verbessern kann und wie schnell du Klarheit und neue Impulse mit deiner Zeichnung bekommst.<\/p>\n\n\n\n<p>04.03.25 19:30- 21:30  Neurographik zum Kennenlernen online<\/p>\n\n\n\n<h3 class=\"wp-block-heading\">N\u00e4chste Basiskurse: <\/h3>\n\n\n\n<p>in Pr\u00e4senz 24.03.25 &#8211; 28.03.25 Basiskurs Me(h)R in Griechenland (Infos Neuromeer.net)<\/p>\n\n\n\n<p>online: Nach Absprache jeweils 18:00 &#8211; ca 21:00 <br>Preis 195 Euro (incl Wiederholung des Basiskurses)<\/p>\n\n\n\n<p>in diesem Kurs erf\u00e4hrst du wie und warum NeuroGraphik funktioniert, nach welchen Regeln du deine Zeichnung  zu einer Neurographischen Zeichnung und dadurch wirkungsvoll machst. <br>Du lernst den Basisalgorithmus kennen und den ersten Algorithmus, der &#8222;Aufl\u00f6sung von Einschr\u00e4nkungen&#8220; hei\u00dft. Damit hast du das Handwerkszeug, alte Glaubenss\u00e4tze, emotionale Einschr\u00e4nkungen und vieles mehr aufzul\u00f6sen. Dieser Kurs ist die Grundlage und hilft bei weiterf\u00fchrenden Kursen.<\/p>\n\n\n\n<h3 class=\"wp-block-heading\">Spezialkurs: Wie verliebe ich mich in meine Steuererkl\u00e4rung?<\/h3>\n\n\n\n<p>Stell dir vor, du machst deine Steuererkl\u00e4rung (oder \u00e4hnlich geliebte Aufgaben) pl\u00f6tzlich gerne, leicht, rechtzeitig und mit guten Gef\u00fchlen &#8211; und das jedes Jahr wieder &#8211;  wie w\u00e4re das? Ich f\u00fchre dich an 2-3 Modulen durch 5 Zeichnungen und du wirst sehen, wie verwandelt dein Verh\u00e4ltnis zu dieser Aufgaben ist. Als Kurs oder als Einzelcoaching.<\/p>\n\n\n\n<p>Wenn du Interesse hast, melde dich bei mir, wir finden einen Termin!<br>kurs@lernenmachtspass.net<\/p>\n\n\n\n<h3 class=\"wp-block-heading\">Neuro Schwung f\u00fcr dein Projekt<br>Monatsexperiment:<br><\/h3>\n\n\n\n<p>neue Termine f\u00fcr 2025 geplant und auf Anfrage <\/p>\n\n\n\n<p>Live oder online 17:00 Einf\u00fchrung: Lerne das Geheimnis der Neurolinien kennen und erlebe, was sie in deinem Projekt ver\u00e4ndern k\u00f6nnen.<\/p>\n\n\n\n<p>Online plus t\u00e4gliches Zeichnen und Gruppe<\/p>\n\n\n\n<p>Ich unterst\u00fctze dich dabei, wie du durch t\u00e4gliches neurographisches  Zeichnen in deinem Herzensthema oder Herzensprojekt ein gro\u00dfes St\u00fcck weiter kommst. <\/p>\n\n\n\n<p>Anfragen und Anmeldung: kurs@lernenmachtspass.net<\/p>\n","protected":false},"excerpt":{"rendered":"<p>So wird dein Stift zu deinem pers\u00f6nlichen Zauberstab! Was ist NeuroGraphik(R)?Eine Art zu zeichnen, mit der du mit deiner Seele und deinem Unbewussten Raum gibst. F\u00fcr mich erschlie\u00dfen sich durch die einfachen Zeichnungen neue Welten und ich helfe dir, das du auch neue Perspektiven in den Bildern jenseits von richtig und falsch erkennen kannst. Lass [&hellip;]<\/p>\n","protected":false},"author":2,"featured_media":0,"parent":0,"menu_order":0,"comment_status":"closed","ping_status":"closed","template":"","meta":[],"yoast_head":"<!-- This site is optimized with the Yoast SEO plugin v20.8 - https:\/\/yoast.com\/wordpress\/plugins\/seo\/ -->\n<title>NeuroGraphik(R) - Lustvoll lernen!<\/title>\n<meta name=\"robots\" content=\"index, follow, max-snippet:-1, max-image-preview:large, max-video-preview:-1\" \/>\n<link rel=\"canonical\" href=\"https:\/\/lernenmachtspass.net\/index.php\/neurographikr\/\" \/>\n<meta property=\"og:locale\" content=\"de_DE\" \/>\n<meta property=\"og:type\" content=\"article\" \/>\n<meta property=\"og:title\" content=\"NeuroGraphik(R) - Lustvoll lernen!\" \/>\n<meta property=\"og:description\" content=\"So wird dein Stift zu deinem pers\u00f6nlichen Zauberstab! Was ist NeuroGraphik(R)?Eine Art zu zeichnen, mit der du mit deiner Seele und deinem Unbewussten Raum gibst. F\u00fcr mich erschlie\u00dfen sich durch die einfachen Zeichnungen neue Welten und ich helfe dir, das du auch neue Perspektiven in den Bildern jenseits von richtig und falsch erkennen kannst. Lass [&hellip;]\" \/>\n<meta property=\"og:url\" content=\"https:\/\/lernenmachtspass.net\/index.php\/neurographikr\/\" \/>\n<meta property=\"og:site_name\" content=\"Lustvoll lernen!\" \/>\n<meta property=\"article:modified_time\" content=\"2025-02-10T12:20:24+00:00\" \/>\n<meta property=\"og:image\" content=\"https:\/\/lernenmachtspass.net\/wp-content\/uploads\/2024\/04\/IMG_20240403_184928__01-2-1024x685.jpg\" \/>\n<meta name=\"twitter:card\" content=\"summary_large_image\" \/>\n<meta name=\"twitter:label1\" content=\"Gesch\u00e4tzte Lesezeit\" \/>\n\t<meta name=\"twitter:data1\" content=\"4\u00a0Minuten\" \/>\n<script type=\"application\/ld+json\" class=\"yoast-schema-graph\">{\"@context\":\"https:\/\/schema.org\",\"@graph\":[{\"@type\":\"WebPage\",\"@id\":\"https:\/\/lernenmachtspass.net\/index.php\/neurographikr\/\",\"url\":\"https:\/\/lernenmachtspass.net\/index.php\/neurographikr\/\",\"name\":\"NeuroGraphik(R) - Lustvoll lernen!\",\"isPartOf\":{\"@id\":\"https:\/\/lernenmachtspass.net\/#website\"},\"datePublished\":\"2024-05-17T14:27:48+00:00\",\"dateModified\":\"2025-02-10T12:20:24+00:00\",\"breadcrumb\":{\"@id\":\"https:\/\/lernenmachtspass.net\/index.php\/neurographikr\/#breadcrumb\"},\"inLanguage\":\"de\",\"potentialAction\":[{\"@type\":\"ReadAction\",\"target\":[\"https:\/\/lernenmachtspass.net\/index.php\/neurographikr\/\"]}]},{\"@type\":\"BreadcrumbList\",\"@id\":\"https:\/\/lernenmachtspass.net\/index.php\/neurographikr\/#breadcrumb\",\"itemListElement\":[{\"@type\":\"ListItem\",\"position\":1,\"name\":\"Startseite\",\"item\":\"https:\/\/lernenmachtspass.net\/\"},{\"@type\":\"ListItem\",\"position\":2,\"name\":\"NeuroGraphik(R)\"}]},{\"@type\":\"WebSite\",\"@id\":\"https:\/\/lernenmachtspass.net\/#website\",\"url\":\"https:\/\/lernenmachtspass.net\/\",\"name\":\"Lustvoll lernen!\",\"description\":\"Lerne und dein Leben verbessert dich\",\"potentialAction\":[{\"@type\":\"SearchAction\",\"target\":{\"@type\":\"EntryPoint\",\"urlTemplate\":\"https:\/\/lernenmachtspass.net\/?s={search_term_string}\"},\"query-input\":\"required name=search_term_string\"}],\"inLanguage\":\"de\"}]}<\/script>\n<!-- \/ Yoast SEO plugin. -->","yoast_head_json":{"title":"NeuroGraphik(R) - Lustvoll lernen!","robots":{"index":"index","follow":"follow","max-snippet":"max-snippet:-1","max-image-preview":"max-image-preview:large","max-video-preview":"max-video-preview:-1"},"canonical":"https:\/\/lernenmachtspass.net\/index.php\/neurographikr\/","og_locale":"de_DE","og_type":"article","og_title":"NeuroGraphik(R) - Lustvoll lernen!","og_description":"So wird dein Stift zu deinem pers\u00f6nlichen Zauberstab! Was ist NeuroGraphik(R)?Eine Art zu zeichnen, mit der du mit deiner Seele und deinem Unbewussten Raum gibst. F\u00fcr mich erschlie\u00dfen sich durch die einfachen Zeichnungen neue Welten und ich helfe dir, das du auch neue Perspektiven in den Bildern jenseits von richtig und falsch erkennen kannst. Lass [&hellip;]","og_url":"https:\/\/lernenmachtspass.net\/index.php\/neurographikr\/","og_site_name":"Lustvoll lernen!","article_modified_time":"2025-02-10T12:20:24+00:00","og_image":[{"url":"https:\/\/lernenmachtspass.net\/wp-content\/uploads\/2024\/04\/IMG_20240403_184928__01-2-1024x685.jpg"}],"twitter_card":"summary_large_image","twitter_misc":{"Gesch\u00e4tzte Lesezeit":"4\u00a0Minuten"},"schema":{"@context":"https:\/\/schema.org","@graph":[{"@type":"WebPage","@id":"https:\/\/lernenmachtspass.net\/index.php\/neurographikr\/","url":"https:\/\/lernenmachtspass.net\/index.php\/neurographikr\/","name":"NeuroGraphik(R) - Lustvoll lernen!","isPartOf":{"@id":"https:\/\/lernenmachtspass.net\/#website"},"datePublished":"2024-05-17T14:27:48+00:00","dateModified":"2025-02-10T12:20:24+00:00","breadcrumb":{"@id":"https:\/\/lernenmachtspass.net\/index.php\/neurographikr\/#breadcrumb"},"inLanguage":"de","potentialAction":[{"@type":"ReadAction","target":["https:\/\/lernenmachtspass.net\/index.php\/neurographikr\/"]}]},{"@type":"BreadcrumbList","@id":"https:\/\/lernenmachtspass.net\/index.php\/neurographikr\/#breadcrumb","itemListElement":[{"@type":"ListItem","position":1,"name":"Startseite","item":"https:\/\/lernenmachtspass.net\/"},{"@type":"ListItem","position":2,"name":"NeuroGraphik(R)"}]},{"@type":"WebSite","@id":"https:\/\/lernenmachtspass.net\/#website","url":"https:\/\/lernenmachtspass.net\/","name":"Lustvoll lernen!","description":"Lerne und dein Leben verbessert dich","potentialAction":[{"@type":"SearchAction","target":{"@type":"EntryPoint","urlTemplate":"https:\/\/lernenmachtspass.net\/?s={search_term_string}"},"query-input":"required name=search_term_string"}],"inLanguage":"de"}]}},"_links":{"self":[{"href":"https:\/\/lernenmachtspass.net\/index.php\/wp-json\/wp\/v2\/pages\/616"}],"collection":[{"href":"https:\/\/lernenmachtspass.net\/index.php\/wp-json\/wp\/v2\/pages"}],"about":[{"href":"https:\/\/lernenmachtspass.net\/index.php\/wp-json\/wp\/v2\/types\/page"}],"author":[{"embeddable":true,"href":"https:\/\/lernenmachtspass.net\/index.php\/wp-json\/wp\/v2\/users\/2"}],"replies":[{"embeddable":true,"href":"https:\/\/lernenmachtspass.net\/index.php\/wp-json\/wp\/v2\/comments?post=616"}],"version-history":[{"count":13,"href":"https:\/\/lernenmachtspass.net\/index.php\/wp-json\/wp\/v2\/pages\/616\/revisions"}],"predecessor-version":[{"id":711,"href":"https:\/\/lernenmachtspass.net\/index.php\/wp-json\/wp\/v2\/pages\/616\/revisions\/711"}],"wp:attachment":[{"href":"https:\/\/lernenmachtspass.net\/index.php\/wp-json\/wp\/v2\/media?parent=616"}],"curies":[{"name":"wp","href":"https:\/\/api.w.org\/{rel}","templated":true}]}}