{"id":589,"date":"2025-05-20T21:04:26","date_gmt":"2025-05-20T19:04:26","guid":{"rendered":"https:\/\/lernenmachtspass.net\/?page_id=589"},"modified":"2025-06-16T08:45:37","modified_gmt":"2025-06-16T06:45:37","slug":"urlaub-mal-anders","status":"publish","type":"page","link":"https:\/\/lernenmachtspass.net\/index.php\/urlaub-mal-anders\/","title":{"rendered":"Urlaub mal anders"},"content":{"rendered":"\n<h2 class=\"wp-block-heading\">Woche gemeinsamen Zeichnens <\/h2>\n\n\n\n<p>30.06.25 &#8211; 06.07.25<\/p>\n\n\n\n<p>M\u00f6chtest du als Urlaub dieses Jahr etwas ganz Besonderes? <br>Eine Woche in Gemeinschaft und f\u00fcr deine Seele! <\/p>\n\n\n\n<figure class=\"wp-block-image size-large is-resized is-style-rounded\"><img decoding=\"async\" loading=\"lazy\" src=\"https:\/\/lernenmachtspass.net\/wp-content\/uploads\/2024\/04\/IMG_20240423_210200__01-1024x695.jpg\" alt=\"\" class=\"wp-image-591\" width=\"610\" height=\"414\" srcset=\"https:\/\/lernenmachtspass.net\/wp-content\/uploads\/2024\/04\/IMG_20240423_210200__01-1024x695.jpg 1024w, https:\/\/lernenmachtspass.net\/wp-content\/uploads\/2024\/04\/IMG_20240423_210200__01-300x204.jpg 300w, https:\/\/lernenmachtspass.net\/wp-content\/uploads\/2024\/04\/IMG_20240423_210200__01-768x521.jpg 768w, https:\/\/lernenmachtspass.net\/wp-content\/uploads\/2024\/04\/IMG_20240423_210200__01-1536x1043.jpg 1536w, https:\/\/lernenmachtspass.net\/wp-content\/uploads\/2024\/04\/IMG_20240423_210200__01-2048x1391.jpg 2048w, https:\/\/lernenmachtspass.net\/wp-content\/uploads\/2024\/04\/IMG_20240423_210200__01-1200x815.jpg 1200w, https:\/\/lernenmachtspass.net\/wp-content\/uploads\/2024\/04\/IMG_20240423_210200__01-1980x1344.jpg 1980w\" sizes=\"(max-width: 610px) 100vw, 610px\" \/><\/figure>\n\n\n\n<p>Zeichne, um mehr inneren Frieden zu bekommen und erlebe, wie Vieles leichter wird.<\/p>\n\n\n\n<p><strong>Urlaub mal anders<\/strong><\/p>\n\n\n\n<p>M\u00f6chtest du eine Woche gemeinsam mit anderen Menschen etwas f\u00fcr deinen inneren Frieden tun und umweltfreundlich eine besondere Reise zu dir selbst antreten? Denn Frieden f\u00e4ngt bei dir an und wirkt nach au\u00dfen, in die Welt.<\/p>\n\n\n\n<p>Ich \u00f6ffne mein Haus und Garten f\u00fcr eine Gruppe netter Menschen, um mit euch zusammen eine Woche Gemeinschaft und Zeichen miteinander zu verbinden. Durch gemeinsames Zeichnen verschiedener neurographischer Modelle kannst du deine Licht- und deine Schattenseiten liebevoll erkennen und dich auf neue Weise mit dir anfreunden. So kannst du auch in deinen vermeintlichen Schw\u00e4chen die St\u00e4rken erkennen und annehmen.<\/p>\n\n\n\n<p>An einigen Tagen wird es abends noch eine Aktion geben. (Sauna, Kakao am Steinkreis\u2026, auch spontane Ideen sind willkommen).<br>F\u00fcr Abenteurer ist Zelten und einfache \u00dcbernachtungen drin bei uns m\u00f6glich.<\/p>\n\n\n\n<p>Ort: Bei uns in Haus und Garten<br>in Petershagen Nord<\/p>\n\n\n\n<figure class=\"wp-block-image size-large is-resized is-style-rounded\"><img decoding=\"async\" loading=\"lazy\" src=\"https:\/\/lernenmachtspass.net\/wp-content\/uploads\/2024\/04\/IMG_20240403_184928__01-2-1024x685.jpg\" alt=\"\" class=\"wp-image-600\" width=\"487\" height=\"326\" srcset=\"https:\/\/lernenmachtspass.net\/wp-content\/uploads\/2024\/04\/IMG_20240403_184928__01-2-1024x685.jpg 1024w, https:\/\/lernenmachtspass.net\/wp-content\/uploads\/2024\/04\/IMG_20240403_184928__01-2-300x201.jpg 300w, https:\/\/lernenmachtspass.net\/wp-content\/uploads\/2024\/04\/IMG_20240403_184928__01-2-768x514.jpg 768w, https:\/\/lernenmachtspass.net\/wp-content\/uploads\/2024\/04\/IMG_20240403_184928__01-2-1536x1027.jpg 1536w, https:\/\/lernenmachtspass.net\/wp-content\/uploads\/2024\/04\/IMG_20240403_184928__01-2-2048x1370.jpg 2048w, https:\/\/lernenmachtspass.net\/wp-content\/uploads\/2024\/04\/IMG_20240403_184928__01-2-1200x802.jpg 1200w, https:\/\/lernenmachtspass.net\/wp-content\/uploads\/2024\/04\/IMG_20240403_184928__01-2-1980x1324.jpg 1980w\" sizes=\"(max-width: 487px) 100vw, 487px\" \/><\/figure>\n\n\n\n<h3 class=\"wp-block-heading\">Was sind die Ziele der Woche?<\/h3>\n\n\n\n<p>Mit jeder Zeichnung und jeder \u00dcbung richtest du den liebevollen Blick auf dich selbst. <br>Du probierst spielerisch aus, was alles m\u00f6glich ist, wenn du dein Leben in Balance zeichnest und die Liebe zu dir farbig werden l\u00e4sst. Du lernst Strategien und Modelle, mit denen du auch zu Hause den Momenten des &#8222;inneren Unfriedens&#8220; zuvorkommen kannst. <\/p>\n\n\n\n<figure class=\"wp-block-image size-large\"><img decoding=\"async\" loading=\"lazy\" width=\"1024\" height=\"755\" src=\"https:\/\/lernenmachtspass.net\/wp-content\/uploads\/2025\/06\/IMG_20250616_083016885-1024x755.jpg\" alt=\"\" class=\"wp-image-807\" srcset=\"https:\/\/lernenmachtspass.net\/wp-content\/uploads\/2025\/06\/IMG_20250616_083016885-1024x755.jpg 1024w, https:\/\/lernenmachtspass.net\/wp-content\/uploads\/2025\/06\/IMG_20250616_083016885-300x221.jpg 300w, https:\/\/lernenmachtspass.net\/wp-content\/uploads\/2025\/06\/IMG_20250616_083016885-768x566.jpg 768w, https:\/\/lernenmachtspass.net\/wp-content\/uploads\/2025\/06\/IMG_20250616_083016885-1536x1132.jpg 1536w, https:\/\/lernenmachtspass.net\/wp-content\/uploads\/2025\/06\/IMG_20250616_083016885-1200x884.jpg 1200w, https:\/\/lernenmachtspass.net\/wp-content\/uploads\/2025\/06\/IMG_20250616_083016885-1980x1459.jpg 1980w, https:\/\/lernenmachtspass.net\/wp-content\/uploads\/2025\/06\/IMG_20250616_083016885.jpg 2048w\" sizes=\"(max-width: 1024px) 100vw, 1024px\" \/><\/figure>\n\n\n\n<h3 class=\"wp-block-heading\">Wie ist die Struktur der Woche?<\/h3>\n\n\n\n<p>Wir wollen vormittags ca. 4 Stunden gemeinsam zeichnen. Anschlie\u00dfend ist Zeit f\u00fcr ein gemeinsames Mittagessen und lockeren Austausch, nachmittags k\u00f6nnen wir machen, was Freude macht, z.B Baden gehen, Radfahren, oder du nimmst dir Zeit f\u00fcr dich, um das Gelernte zu verdauen.<br>\u2013 Wenn sich jemand findet, der abends ein leckeres Essen zaubert, ist das sehr willkommen.<\/p>\n\n\n\n<p>Wir werden um 9:00 mit gemeinsamen Fr\u00fchst\u00fcck beginnen<br>um 10:00 starten wir mit dem Zeichnen bzw mit vorbereitenden \u00dcbungen. Pausen wird es nach Bedarf geben. So zwischen 13:00 und 14:00 gibt es ein schnelles Essen. <\/p>\n\n\n\n<p>Zeiten f\u00fcr Abendprogramm vereinbaren wir, je nach Interesse, Wetter und M\u00fcdigkeit.<br><\/p>\n\n\n\n<h3 class=\"wp-block-heading\">Brauche ich Vorwissen? Muss ich zeichnen k\u00f6nnen?<\/h3>\n\n\n\n<p>Du brauchst kein Vorwissen, alles was du brauchst werde ich dir erkl\u00e4ren. Wenn du einen NeuroGraphik Basiskurs gemacht hast, wirst du bei manchem besser verstehen, warum wir das so machen und kannst dein Wissen anwenden.<br>Zeichnen musst du nicht k\u00f6nnen! Es geht nicht darum sch\u00f6ne Bilder zu malen, sondern neue Erfahrungen zu machen &#8211; und wir zeichnen nicht fig\u00fcrlich.<br>Alles, was du k\u00f6nnen musst, ist deinen Stift zu halten. Der Rest passiert &#8222;von selbst&#8220;.<\/p>\n\n\n\n<h3 class=\"wp-block-heading\">Welche Methoden nutzen wir?<\/h3>\n\n\n\n<p>Ich werde dich in verschieden Modelle der NeuroGraphik einf\u00fchren und sie so erkl\u00e4ren, dass du sie auch zu Hause f\u00fcr dich nutzen kannst. Dazwischen gibt es immer wieder K\u00f6rper- und Aufw\u00e4rm\u00fcbungen. Wenn es passt kommen andere Methoden mit ins Spiel. Von Anfang an wird es praktisch!<\/p>\n\n\n\n<figure class=\"wp-block-image size-large\"><img decoding=\"async\" src=\"https:\/\/lernenmachtspass.net\/wp-content\/uploads\/2025\/06\/IMG_20250616_082415557-1024x706.jpg\" alt=\"\" class=\"wp-image-809\"\/><\/figure>\n\n\n\n<p><br><\/p>\n\n\n\n<h3 class=\"wp-block-heading\">Welche Materialien brauche ich?<\/h3>\n\n\n\n<p>Im Grunde ist alles da! Bringe gerne deine Lieblingsbuntstifte, mit denen du zeichnen m\u00f6chtest mit. Au\u00dferdem brauchst du ein Foto von dir, das dir gut gef\u00e4llt.<\/p>\n\n\n\n<h3 class=\"wp-block-heading\">Kann ich an pers\u00f6nlichen Themen arbeiten?<\/h3>\n\n\n\n<p>Die Woche ist so angelegt, dass Vertrauen untereinander gef\u00f6rdert wird. Das allgemeine Thema &#8222;inneren Frieden&#8220; kannst du f\u00fcr dich in deine konkrete Situation einbringen.<\/p>\n\n\n\n<h3 class=\"wp-block-heading\">Kosten<\/h3>\n\n\n\n<p> f\u00fcr Material, Energie und Essen 210 Euro <br>&#8211; plus das, was du mir f\u00fcr meine Arbeit geben m\u00f6chtest. (Nach Absprache auch gerne Naturalien, Hilfe beim Aufr\u00e4umen\u2026).<\/p>\n\n\n\n<h3 class=\"wp-block-heading\">Was ist, wenn ich nicht die ganze Zeit teilnehmen kann?<\/h3>\n\n\n\n<p>Nat\u00fcrlich ist es sch\u00f6n, wenn du die ganze Zeit dabei bist. Wenn das nicht m\u00f6glich ist, sprich mich gerne an, wir finden eine L\u00f6sung.<br><\/p>\n","protected":false},"excerpt":{"rendered":"<p>Woche gemeinsamen Zeichnens 30.06.25 &#8211; 06.07.25 M\u00f6chtest du als Urlaub dieses Jahr etwas ganz Besonderes? Eine Woche in Gemeinschaft und f\u00fcr deine Seele! Zeichne, um mehr inneren Frieden zu bekommen und erlebe, wie Vieles leichter wird. Urlaub mal anders M\u00f6chtest du eine Woche gemeinsam mit anderen Menschen etwas f\u00fcr deinen inneren Frieden tun und umweltfreundlich [&hellip;]<\/p>\n","protected":false},"author":2,"featured_media":0,"parent":0,"menu_order":0,"comment_status":"closed","ping_status":"closed","template":"","meta":[],"yoast_head":"<!-- This site is optimized with the Yoast SEO plugin v20.8 - https:\/\/yoast.com\/wordpress\/plugins\/seo\/ -->\n<title>Urlaub mal anders - Lustvoll lernen!<\/title>\n<meta name=\"robots\" content=\"index, follow, max-snippet:-1, max-image-preview:large, max-video-preview:-1\" \/>\n<link rel=\"canonical\" href=\"https:\/\/lernenmachtspass.net\/index.php\/urlaub-mal-anders\/\" \/>\n<meta property=\"og:locale\" content=\"de_DE\" \/>\n<meta property=\"og:type\" content=\"article\" \/>\n<meta property=\"og:title\" content=\"Urlaub mal anders - Lustvoll lernen!\" \/>\n<meta property=\"og:description\" content=\"Woche gemeinsamen Zeichnens 30.06.25 &#8211; 06.07.25 M\u00f6chtest du als Urlaub dieses Jahr etwas ganz Besonderes? Eine Woche in Gemeinschaft und f\u00fcr deine Seele! Zeichne, um mehr inneren Frieden zu bekommen und erlebe, wie Vieles leichter wird. Urlaub mal anders M\u00f6chtest du eine Woche gemeinsam mit anderen Menschen etwas f\u00fcr deinen inneren Frieden tun und umweltfreundlich [&hellip;]\" \/>\n<meta property=\"og:url\" content=\"https:\/\/lernenmachtspass.net\/index.php\/urlaub-mal-anders\/\" \/>\n<meta property=\"og:site_name\" content=\"Lustvoll lernen!\" \/>\n<meta property=\"article:modified_time\" content=\"2025-06-16T06:45:37+00:00\" \/>\n<meta property=\"og:image\" content=\"https:\/\/lernenmachtspass.net\/wp-content\/uploads\/2024\/04\/IMG_20240423_210200__01-1024x695.jpg\" \/>\n<meta name=\"twitter:card\" content=\"summary_large_image\" \/>\n<meta name=\"twitter:label1\" content=\"Gesch\u00e4tzte Lesezeit\" \/>\n\t<meta name=\"twitter:data1\" content=\"5\u00a0Minuten\" \/>\n<script type=\"application\/ld+json\" class=\"yoast-schema-graph\">{\"@context\":\"https:\/\/schema.org\",\"@graph\":[{\"@type\":\"WebPage\",\"@id\":\"https:\/\/lernenmachtspass.net\/index.php\/urlaub-mal-anders\/\",\"url\":\"https:\/\/lernenmachtspass.net\/index.php\/urlaub-mal-anders\/\",\"name\":\"Urlaub mal anders - Lustvoll lernen!\",\"isPartOf\":{\"@id\":\"https:\/\/lernenmachtspass.net\/#website\"},\"datePublished\":\"2025-05-20T19:04:26+00:00\",\"dateModified\":\"2025-06-16T06:45:37+00:00\",\"breadcrumb\":{\"@id\":\"https:\/\/lernenmachtspass.net\/index.php\/urlaub-mal-anders\/#breadcrumb\"},\"inLanguage\":\"de\",\"potentialAction\":[{\"@type\":\"ReadAction\",\"target\":[\"https:\/\/lernenmachtspass.net\/index.php\/urlaub-mal-anders\/\"]}]},{\"@type\":\"BreadcrumbList\",\"@id\":\"https:\/\/lernenmachtspass.net\/index.php\/urlaub-mal-anders\/#breadcrumb\",\"itemListElement\":[{\"@type\":\"ListItem\",\"position\":1,\"name\":\"Startseite\",\"item\":\"https:\/\/lernenmachtspass.net\/\"},{\"@type\":\"ListItem\",\"position\":2,\"name\":\"Urlaub mal anders\"}]},{\"@type\":\"WebSite\",\"@id\":\"https:\/\/lernenmachtspass.net\/#website\",\"url\":\"https:\/\/lernenmachtspass.net\/\",\"name\":\"Lustvoll lernen!\",\"description\":\"Lerne und dein Leben verbessert dich\",\"potentialAction\":[{\"@type\":\"SearchAction\",\"target\":{\"@type\":\"EntryPoint\",\"urlTemplate\":\"https:\/\/lernenmachtspass.net\/?s={search_term_string}\"},\"query-input\":\"required name=search_term_string\"}],\"inLanguage\":\"de\"}]}<\/script>\n<!-- \/ Yoast SEO plugin. -->","yoast_head_json":{"title":"Urlaub mal anders - Lustvoll lernen!","robots":{"index":"index","follow":"follow","max-snippet":"max-snippet:-1","max-image-preview":"max-image-preview:large","max-video-preview":"max-video-preview:-1"},"canonical":"https:\/\/lernenmachtspass.net\/index.php\/urlaub-mal-anders\/","og_locale":"de_DE","og_type":"article","og_title":"Urlaub mal anders - Lustvoll lernen!","og_description":"Woche gemeinsamen Zeichnens 30.06.25 &#8211; 06.07.25 M\u00f6chtest du als Urlaub dieses Jahr etwas ganz Besonderes? Eine Woche in Gemeinschaft und f\u00fcr deine Seele! Zeichne, um mehr inneren Frieden zu bekommen und erlebe, wie Vieles leichter wird. Urlaub mal anders M\u00f6chtest du eine Woche gemeinsam mit anderen Menschen etwas f\u00fcr deinen inneren Frieden tun und umweltfreundlich [&hellip;]","og_url":"https:\/\/lernenmachtspass.net\/index.php\/urlaub-mal-anders\/","og_site_name":"Lustvoll lernen!","article_modified_time":"2025-06-16T06:45:37+00:00","og_image":[{"url":"https:\/\/lernenmachtspass.net\/wp-content\/uploads\/2024\/04\/IMG_20240423_210200__01-1024x695.jpg"}],"twitter_card":"summary_large_image","twitter_misc":{"Gesch\u00e4tzte Lesezeit":"5\u00a0Minuten"},"schema":{"@context":"https:\/\/schema.org","@graph":[{"@type":"WebPage","@id":"https:\/\/lernenmachtspass.net\/index.php\/urlaub-mal-anders\/","url":"https:\/\/lernenmachtspass.net\/index.php\/urlaub-mal-anders\/","name":"Urlaub mal anders - Lustvoll lernen!","isPartOf":{"@id":"https:\/\/lernenmachtspass.net\/#website"},"datePublished":"2025-05-20T19:04:26+00:00","dateModified":"2025-06-16T06:45:37+00:00","breadcrumb":{"@id":"https:\/\/lernenmachtspass.net\/index.php\/urlaub-mal-anders\/#breadcrumb"},"inLanguage":"de","potentialAction":[{"@type":"ReadAction","target":["https:\/\/lernenmachtspass.net\/index.php\/urlaub-mal-anders\/"]}]},{"@type":"BreadcrumbList","@id":"https:\/\/lernenmachtspass.net\/index.php\/urlaub-mal-anders\/#breadcrumb","itemListElement":[{"@type":"ListItem","position":1,"name":"Startseite","item":"https:\/\/lernenmachtspass.net\/"},{"@type":"ListItem","position":2,"name":"Urlaub mal anders"}]},{"@type":"WebSite","@id":"https:\/\/lernenmachtspass.net\/#website","url":"https:\/\/lernenmachtspass.net\/","name":"Lustvoll lernen!","description":"Lerne und dein Leben verbessert dich","potentialAction":[{"@type":"SearchAction","target":{"@type":"EntryPoint","urlTemplate":"https:\/\/lernenmachtspass.net\/?s={search_term_string}"},"query-input":"required name=search_term_string"}],"inLanguage":"de"}]}},"_links":{"self":[{"href":"https:\/\/lernenmachtspass.net\/index.php\/wp-json\/wp\/v2\/pages\/589"}],"collection":[{"href":"https:\/\/lernenmachtspass.net\/index.php\/wp-json\/wp\/v2\/pages"}],"about":[{"href":"https:\/\/lernenmachtspass.net\/index.php\/wp-json\/wp\/v2\/types\/page"}],"author":[{"embeddable":true,"href":"https:\/\/lernenmachtspass.net\/index.php\/wp-json\/wp\/v2\/users\/2"}],"replies":[{"embeddable":true,"href":"https:\/\/lernenmachtspass.net\/index.php\/wp-json\/wp\/v2\/comments?post=589"}],"version-history":[{"count":14,"href":"https:\/\/lernenmachtspass.net\/index.php\/wp-json\/wp\/v2\/pages\/589\/revisions"}],"predecessor-version":[{"id":810,"href":"https:\/\/lernenmachtspass.net\/index.php\/wp-json\/wp\/v2\/pages\/589\/revisions\/810"}],"wp:attachment":[{"href":"https:\/\/lernenmachtspass.net\/index.php\/wp-json\/wp\/v2\/media?parent=589"}],"curies":[{"name":"wp","href":"https:\/\/api.w.org\/{rel}","templated":true}]}}