{"id":2,"date":"2020-01-01T18:05:21","date_gmt":"2020-01-01T17:05:21","guid":{"rendered":"https:\/\/lernenmachtspass.net\/?page_id=2"},"modified":"2025-07-26T17:48:37","modified_gmt":"2025-07-26T15:48:37","slug":"beispiel-seite","status":"publish","type":"page","link":"https:\/\/lernenmachtspass.net\/","title":{"rendered":"Erlebe Freude am Lernen!"},"content":{"rendered":"\n<h2 class=\"wp-block-heading alignwide\"><strong>Ich helfe dir, Lernen zu deinem pers\u00f6nlichen Abenteuer zu machen<\/strong><\/h2>\n\n\n\n<div class=\"wp-block-group alignwide has-luminous-vivid-amber-to-luminous-vivid-orange-gradient-background has-background is-layout-flow\"><div class=\"wp-block-group__inner-container\">\n<div class=\"wp-block-group alignwide has-background is-layout-flow\" style=\"background:linear-gradient(139deg,rgb(74,234,220) 0%,rgb(151,120,209) 20%,rgb(207,42,186) 40%,rgb(238,44,130) 60%,rgb(251,105,98) 80%,rgb(254,248,76) 100%)\"><div class=\"wp-block-group__inner-container\">\n<div class=\"wp-block-group alignwide is-layout-constrained\"><div class=\"wp-block-group__inner-container\">\n<div class=\"wp-block-columns alignwide is-layout-flex wp-container-2\">\n<div class=\"wp-block-column is-layout-flow\" style=\"flex-basis:100%\">\n<figure class=\"wp-block-image size-full is-resized\"><img decoding=\"async\" loading=\"lazy\" src=\"https:\/\/lernenmachtspass.net\/wp-content\/uploads\/2025\/07\/IMG_20250323_1607424472.jpg\" alt=\"\" class=\"wp-image-834\" width=\"342\" height=\"538\" srcset=\"https:\/\/lernenmachtspass.net\/wp-content\/uploads\/2025\/07\/IMG_20250323_1607424472.jpg 480w, https:\/\/lernenmachtspass.net\/wp-content\/uploads\/2025\/07\/IMG_20250323_1607424472-190x300.jpg 190w\" sizes=\"(max-width: 342px) 100vw, 342px\" \/><\/figure>\n\n\n\n<h3 class=\"wp-block-heading\">Angebote:<\/h3>\n\n\n\n<p>Wie du mir und dir begegnen kannst:<\/p>\n\n\n\n<p>Leichter lernen mit mehr Spa\u00df f\u00fcr <a href=\"https:\/\/lernenmachtspass.net\/index.php\/2022\/05\/02\/leicht-lernen-lernen\/\">Sch\u00fcler<\/a>, <a href=\"https:\/\/lernenmachtspass.net\/index.php\/2022\/05\/02\/wenn-sie-ihr-kind-beim-lernen-besser-begleiten-wollen\/\">Eltern<\/a> und <a href=\"https:\/\/lernenmachtspass.net\/index.php\/2022\/05\/02\/leicht-lernen-lernen\/\">Studenten<\/a>.<br><a href=\"https:\/\/lernenmachtspass.net\/index.php\/fliege-in-deine-goldenen-zukunft\/\">Workshops<\/a> damit du dein Leben verbessern kannst: <br><a href=\"https:\/\/lernenmachtspass.net\/index.php\/fliege-in-deine-goldenen-zukunft\/\">Flieg in deine goldene Zukunft <\/a>(Lebensplanung)<\/p>\n<\/div>\n<\/div>\n<\/div><\/div>\n\n\n\n<div class=\"wp-block-columns alignwide is-layout-flex wp-container-6\">\n<div class=\"wp-block-column is-layout-flow\" style=\"flex-basis:100%\">\n<p> <\/p>\n\n\n\n<p>Zeichne dir dein Leben, wie es dir gef\u00e4llt, <br>mit <a href=\"https:\/\/lernenmachtspass.net\/index.php\/neurographikr\/\">NeuroGraphik<\/a>. <\/p>\n\n\n\n<figure class=\"wp-block-image size-large is-resized\"><img decoding=\"async\" loading=\"lazy\" src=\"https:\/\/lernenmachtspass.net\/wp-content\/uploads\/2025\/07\/IMG_20250430_080213332-1024x717.jpg\" alt=\"\" class=\"wp-image-830\" width=\"536\" height=\"375\" srcset=\"https:\/\/lernenmachtspass.net\/wp-content\/uploads\/2025\/07\/IMG_20250430_080213332-1024x717.jpg 1024w, https:\/\/lernenmachtspass.net\/wp-content\/uploads\/2025\/07\/IMG_20250430_080213332-300x210.jpg 300w, https:\/\/lernenmachtspass.net\/wp-content\/uploads\/2025\/07\/IMG_20250430_080213332-768x538.jpg 768w, https:\/\/lernenmachtspass.net\/wp-content\/uploads\/2025\/07\/IMG_20250430_080213332-1536x1076.jpg 1536w, https:\/\/lernenmachtspass.net\/wp-content\/uploads\/2025\/07\/IMG_20250430_080213332-1200x841.jpg 1200w, https:\/\/lernenmachtspass.net\/wp-content\/uploads\/2025\/07\/IMG_20250430_080213332-1980x1387.jpg 1980w, https:\/\/lernenmachtspass.net\/wp-content\/uploads\/2025\/07\/IMG_20250430_080213332.jpg 2041w\" sizes=\"(max-width: 536px) 100vw, 536px\" \/><\/figure>\n\n\n\n<p><br>Lerne, wie es geht oder erlebe Schritt f\u00fcr Schritt, <a href=\"https:\/\/lernenmachtspass.net\/index.php\/neurographikr\/\"> &#8211; wie du durch Zeichnen mehr zu deinem Frieden kommst<\/a>.<br><a href=\"https:\/\/lernenmachtspass.net\/index.php\/lernen-durch-klang\/\">Erlebe die Welt mit Klang<\/a>, entspanne und lerne dich neu kennen.<br>Erlebe dich beim <a href=\"https:\/\/lernenmachtspass.net\/index.php\/2022\/06\/09\/kakao-am-steinkreis\/\">Kakao am Steinkreis<\/a> und erfahre neue Verbindungen und komme zu inneren Frieden.<\/p>\n<\/div>\n\n\n\n<div class=\"wp-block-column is-layout-flow\" style=\"flex-basis:100%\">\n<h5 class=\"wp-block-heading alignwide\">Lebenslanges Lernen hei\u00dft, ganz praktisch, dein Leben zu verbessern!<br>W\u00fcnschst du dir Begleitung, weil<\/h5>\n\n\n\n<ul>\n<li>du das unbestimmte Gef\u00fchl hast, etwas in deinem Leben k\u00f6nnte besser laufen?<\/li>\n\n\n\n<li>du deine Tr\u00e4ume und Ziele wieder in leuchtenden Farben sehen m\u00f6chtest?<\/li>\n\n\n\n<li> du eigentlich wei\u00dft, was du tun &#8222;m\u00fcsstest&#8220;, um endlich zu erreichen, was du dir w\u00fcnscht (z.B. Traumgewicht, Freude beim Arbeiten, Alltagsblockaden loszuwerden), tust es aber nicht?<\/li>\n\n\n\n<li>du erleben m\u00f6chtest, was f\u00fcr dich noch alles m\u00f6glich ist?<\/li>\n\n\n\n<li>du verlernen m\u00f6chtest, was dich daran hindert<\/li>\n<\/ul>\n\n\n\n<p>melde dich bei mir: besser@lernenmachtspass.net<\/p>\n\n\n\n<figure class=\"wp-block-image size-large is-resized\"><img decoding=\"async\" loading=\"lazy\" src=\"https:\/\/lernenmachtspass.net\/wp-content\/uploads\/2024\/04\/IMG_20240423_180015__01-1024x705.jpg\" alt=\"\" class=\"wp-image-590\" width=\"413\" height=\"284\" srcset=\"https:\/\/lernenmachtspass.net\/wp-content\/uploads\/2024\/04\/IMG_20240423_180015__01-1024x705.jpg 1024w, https:\/\/lernenmachtspass.net\/wp-content\/uploads\/2024\/04\/IMG_20240423_180015__01-300x207.jpg 300w, https:\/\/lernenmachtspass.net\/wp-content\/uploads\/2024\/04\/IMG_20240423_180015__01-768x529.jpg 768w, https:\/\/lernenmachtspass.net\/wp-content\/uploads\/2024\/04\/IMG_20240423_180015__01-1536x1057.jpg 1536w, https:\/\/lernenmachtspass.net\/wp-content\/uploads\/2024\/04\/IMG_20240423_180015__01-2048x1410.jpg 2048w, https:\/\/lernenmachtspass.net\/wp-content\/uploads\/2024\/04\/IMG_20240423_180015__01-1200x826.jpg 1200w, https:\/\/lernenmachtspass.net\/wp-content\/uploads\/2024\/04\/IMG_20240423_180015__01-1980x1363.jpg 1980w\" sizes=\"(max-width: 413px) 100vw, 413px\" \/><figcaption class=\"wp-element-caption\"><strong>Ein Beispiel um durch eine Zeichnung Motivation f\u00fcr etwas, zu bekommen, bei dem es  schwer f\u00e4llt, anzufangen.<\/strong><\/figcaption><\/figure>\n\n\n\n<p>F\u00fchle dich willkommen in deinem Leben und du bist die beste Version von dir! Dann f\u00e4llt es dir pl\u00f6tzlich leicht, neue Erfahrungen als wichtige Lernschritte einzuordnen &#8211; und dabei Spa\u00df zu haben.<br>Ich ermutige und unterst\u00fctze dich, deinen eigenen Weg zu gehen, damit du gl\u00fccklicher und freier lebst. Wenn du ahnst, oder wei\u00dft, dass dein Leben besser laufen k\u00f6nnte, als es das tut: <\/p>\n\n\n\n<p>Du bist bei mir willkommen!<\/p>\n<\/div>\n<\/div>\n\n\n\n<h3 class=\"wp-block-heading alignwide\"><a href=\"https:\/\/lernenmachtspass.net\/index.php\/termine\/\">Termine findest du hier<\/a><\/h3>\n\n\n\n<div class=\"wp-block-columns alignwide is-layout-flex wp-container-8\">\n<div class=\"wp-block-column is-layout-flow\" style=\"flex-basis:100%\">\n<p><br><\/p>\n<\/div>\n<\/div>\n\n\n\n<h3 class=\"wp-block-heading alignwide\">Lernen von Wissen\/Fakten<\/h3>\n\n\n\n<div class=\"wp-block-group alignwide is-layout-flow\"><div class=\"wp-block-group__inner-container\">\n<div class=\"wp-block-columns alignwide is-layout-flex wp-container-10\">\n<div class=\"wp-block-column is-layout-flow\" style=\"flex-basis:100%\">\n<p>f\u00fcr  Sch\u00fcler, Studenten und alle<a href=\"https:\/\/lernenmachtspass.net\/index.php\/2022\/05\/02\/leicht-lernen-lernen\/\">, die selbst etwas leichter und schneller lernen <\/a>wollen.<\/p>\n<\/div>\n<\/div>\n<\/div><\/div>\n\n\n\n<p><\/p>\n<\/div><\/div>\n<\/div><\/div>\n\n\n\n<p>Wenn du etwas nicht findest, schreibe mir dein Anliegen per mail! info@lernenmachtspass.net<\/p>\n","protected":false},"excerpt":{"rendered":"<p>Ich helfe dir, Lernen zu deinem pers\u00f6nlichen Abenteuer zu machen Angebote: Wie du mir und dir begegnen kannst: Leichter lernen mit mehr Spa\u00df f\u00fcr Sch\u00fcler, Eltern und Studenten.Workshops damit du dein Leben verbessern kannst: Flieg in deine goldene Zukunft (Lebensplanung) Zeichne dir dein Leben, wie es dir gef\u00e4llt, mit NeuroGraphik. Lerne, wie es geht oder [&hellip;]<\/p>\n","protected":false},"author":1,"featured_media":0,"parent":0,"menu_order":2,"comment_status":"closed","ping_status":"open","template":"","meta":[],"yoast_head":"<!-- This site is optimized with the Yoast SEO plugin v20.8 - https:\/\/yoast.com\/wordpress\/plugins\/seo\/ -->\n<title>Erlebe Freude am Lernen! - Lustvoll lernen!<\/title>\n<meta name=\"robots\" content=\"index, follow, max-snippet:-1, max-image-preview:large, max-video-preview:-1\" \/>\n<link rel=\"canonical\" href=\"https:\/\/lernenmachtspass.net\/\" \/>\n<meta property=\"og:locale\" content=\"de_DE\" \/>\n<meta property=\"og:type\" content=\"article\" \/>\n<meta property=\"og:title\" content=\"Erlebe Freude am Lernen! - Lustvoll lernen!\" \/>\n<meta property=\"og:description\" content=\"Ich helfe dir, Lernen zu deinem pers\u00f6nlichen Abenteuer zu machen Angebote: Wie du mir und dir begegnen kannst: Leichter lernen mit mehr Spa\u00df f\u00fcr Sch\u00fcler, Eltern und Studenten.Workshops damit du dein Leben verbessern kannst: Flieg in deine goldene Zukunft (Lebensplanung) Zeichne dir dein Leben, wie es dir gef\u00e4llt, mit NeuroGraphik. Lerne, wie es geht oder [&hellip;]\" \/>\n<meta property=\"og:url\" content=\"https:\/\/lernenmachtspass.net\/\" \/>\n<meta property=\"og:site_name\" content=\"Lustvoll lernen!\" \/>\n<meta property=\"article:modified_time\" content=\"2025-07-26T15:48:37+00:00\" \/>\n<meta property=\"og:image\" content=\"https:\/\/lernenmachtspass.net\/wp-content\/uploads\/2025\/07\/IMG_20250323_1607424472.jpg\" \/>\n<meta name=\"twitter:card\" content=\"summary_large_image\" \/>\n<meta name=\"twitter:label1\" content=\"Gesch\u00e4tzte Lesezeit\" \/>\n\t<meta name=\"twitter:data1\" content=\"3\u00a0Minuten\" \/>\n<script type=\"application\/ld+json\" class=\"yoast-schema-graph\">{\"@context\":\"https:\/\/schema.org\",\"@graph\":[{\"@type\":\"WebPage\",\"@id\":\"https:\/\/lernenmachtspass.net\/\",\"url\":\"https:\/\/lernenmachtspass.net\/\",\"name\":\"Erlebe Freude am Lernen! - Lustvoll lernen!\",\"isPartOf\":{\"@id\":\"https:\/\/lernenmachtspass.net\/#website\"},\"datePublished\":\"2020-01-01T17:05:21+00:00\",\"dateModified\":\"2025-07-26T15:48:37+00:00\",\"breadcrumb\":{\"@id\":\"https:\/\/lernenmachtspass.net\/#breadcrumb\"},\"inLanguage\":\"de\",\"potentialAction\":[{\"@type\":\"ReadAction\",\"target\":[\"https:\/\/lernenmachtspass.net\/\"]}]},{\"@type\":\"BreadcrumbList\",\"@id\":\"https:\/\/lernenmachtspass.net\/#breadcrumb\",\"itemListElement\":[{\"@type\":\"ListItem\",\"position\":1,\"name\":\"Startseite\",\"item\":\"https:\/\/lernenmachtspass.net\/\"},{\"@type\":\"ListItem\",\"position\":2,\"name\":\"Erlebe Freude am Lernen!\"}]},{\"@type\":\"WebSite\",\"@id\":\"https:\/\/lernenmachtspass.net\/#website\",\"url\":\"https:\/\/lernenmachtspass.net\/\",\"name\":\"Lustvoll lernen!\",\"description\":\"Lerne und dein Leben verbessert dich\",\"potentialAction\":[{\"@type\":\"SearchAction\",\"target\":{\"@type\":\"EntryPoint\",\"urlTemplate\":\"https:\/\/lernenmachtspass.net\/?s={search_term_string}\"},\"query-input\":\"required name=search_term_string\"}],\"inLanguage\":\"de\"}]}<\/script>\n<!-- \/ Yoast SEO plugin. -->","yoast_head_json":{"title":"Erlebe Freude am Lernen! - Lustvoll lernen!","robots":{"index":"index","follow":"follow","max-snippet":"max-snippet:-1","max-image-preview":"max-image-preview:large","max-video-preview":"max-video-preview:-1"},"canonical":"https:\/\/lernenmachtspass.net\/","og_locale":"de_DE","og_type":"article","og_title":"Erlebe Freude am Lernen! - Lustvoll lernen!","og_description":"Ich helfe dir, Lernen zu deinem pers\u00f6nlichen Abenteuer zu machen Angebote: Wie du mir und dir begegnen kannst: Leichter lernen mit mehr Spa\u00df f\u00fcr Sch\u00fcler, Eltern und Studenten.Workshops damit du dein Leben verbessern kannst: Flieg in deine goldene Zukunft (Lebensplanung) Zeichne dir dein Leben, wie es dir gef\u00e4llt, mit NeuroGraphik. Lerne, wie es geht oder [&hellip;]","og_url":"https:\/\/lernenmachtspass.net\/","og_site_name":"Lustvoll lernen!","article_modified_time":"2025-07-26T15:48:37+00:00","og_image":[{"url":"https:\/\/lernenmachtspass.net\/wp-content\/uploads\/2025\/07\/IMG_20250323_1607424472.jpg"}],"twitter_card":"summary_large_image","twitter_misc":{"Gesch\u00e4tzte Lesezeit":"3\u00a0Minuten"},"schema":{"@context":"https:\/\/schema.org","@graph":[{"@type":"WebPage","@id":"https:\/\/lernenmachtspass.net\/","url":"https:\/\/lernenmachtspass.net\/","name":"Erlebe Freude am Lernen! - Lustvoll lernen!","isPartOf":{"@id":"https:\/\/lernenmachtspass.net\/#website"},"datePublished":"2020-01-01T17:05:21+00:00","dateModified":"2025-07-26T15:48:37+00:00","breadcrumb":{"@id":"https:\/\/lernenmachtspass.net\/#breadcrumb"},"inLanguage":"de","potentialAction":[{"@type":"ReadAction","target":["https:\/\/lernenmachtspass.net\/"]}]},{"@type":"BreadcrumbList","@id":"https:\/\/lernenmachtspass.net\/#breadcrumb","itemListElement":[{"@type":"ListItem","position":1,"name":"Startseite","item":"https:\/\/lernenmachtspass.net\/"},{"@type":"ListItem","position":2,"name":"Erlebe Freude am Lernen!"}]},{"@type":"WebSite","@id":"https:\/\/lernenmachtspass.net\/#website","url":"https:\/\/lernenmachtspass.net\/","name":"Lustvoll lernen!","description":"Lerne und dein Leben verbessert dich","potentialAction":[{"@type":"SearchAction","target":{"@type":"EntryPoint","urlTemplate":"https:\/\/lernenmachtspass.net\/?s={search_term_string}"},"query-input":"required name=search_term_string"}],"inLanguage":"de"}]}},"_links":{"self":[{"href":"https:\/\/lernenmachtspass.net\/index.php\/wp-json\/wp\/v2\/pages\/2"}],"collection":[{"href":"https:\/\/lernenmachtspass.net\/index.php\/wp-json\/wp\/v2\/pages"}],"about":[{"href":"https:\/\/lernenmachtspass.net\/index.php\/wp-json\/wp\/v2\/types\/page"}],"author":[{"embeddable":true,"href":"https:\/\/lernenmachtspass.net\/index.php\/wp-json\/wp\/v2\/users\/1"}],"replies":[{"embeddable":true,"href":"https:\/\/lernenmachtspass.net\/index.php\/wp-json\/wp\/v2\/comments?post=2"}],"version-history":[{"count":111,"href":"https:\/\/lernenmachtspass.net\/index.php\/wp-json\/wp\/v2\/pages\/2\/revisions"}],"predecessor-version":[{"id":844,"href":"https:\/\/lernenmachtspass.net\/index.php\/wp-json\/wp\/v2\/pages\/2\/revisions\/844"}],"wp:attachment":[{"href":"https:\/\/lernenmachtspass.net\/index.php\/wp-json\/wp\/v2\/media?parent=2"}],"curies":[{"name":"wp","href":"https:\/\/api.w.org\/{rel}","templated":true}]}}