{"id":145,"date":"2025-05-20T17:54:58","date_gmt":"2025-05-20T15:54:58","guid":{"rendered":"https:\/\/lernenmachtspass.net\/?page_id=145"},"modified":"2025-06-16T08:32:45","modified_gmt":"2025-06-16T06:32:45","slug":"fliege-in-deine-goldenen-zukunft","status":"publish","type":"page","link":"https:\/\/lernenmachtspass.net\/index.php\/fliege-in-deine-goldenen-zukunft\/","title":{"rendered":"Erlebe deinen Frieden"},"content":{"rendered":"\n<h4 class=\"wp-block-heading\">Die wichtigsten Workshops im \u00dcberblick<\/h4>\n\n\n\n<div class=\"wp-block-columns is-layout-flex wp-container-4\">\n<div class=\"wp-block-column is-layout-flow\">\n<p>8.11.25 &#8211; 9.11.25 10.1.25 &#8211; 11.1.25<\/p>\n\n\n\n<p>Fliege in deine goldene Zukunft<\/p>\n\n\n\n<h6 class=\"wp-block-heading\">Plane so, dass du spielend leicht in einer gl\u00fccklichen Gegenwart lebst &#8211;<\/h6>\n\n\n\n<p>Du glaubst das ist nicht m\u00f6glich?<br>Ich biete dir an, durch den Workshop und indem wir dich weiterhin an die Hand nehmen, dein Leben so zu gestalten, dass du nach einem Jahr sagst: &#8222;wow, das war (fast) wie fliegen. Mein Leben hat sich schneller verbessert, als ich zu Tr\u00e4umen gewagt habe.&#8220;<\/p>\n\n\n\n<p>Komm und erlebe selbst, was m\u00f6glich wird, wenn du dich mit uns auf den Weg machst.    <a href=\"https:\/\/lernenmachtspass.net\/index.php\/2022\/01\/09\/fliege-in-deine-goldene-zukunft\/\"> klicke hier<\/a><\/p>\n<\/div>\n\n\n\n<div class=\"wp-block-column is-layout-flow\">\n<p>30.06.25 \u2013 06.07.25<br>Eine Woche in Gemeinschaft und f\u00fcr deine Seele!<\/p>\n\n\n\n<figure class=\"wp-block-image\"><img decoding=\"async\" loading=\"lazy\" width=\"1024\" height=\"695\" src=\"https:\/\/lernenmachtspass.net\/wp-content\/uploads\/2024\/04\/IMG_20240423_210200__01-1024x695.jpg\" alt=\"\" class=\"wp-image-591\" srcset=\"https:\/\/lernenmachtspass.net\/wp-content\/uploads\/2024\/04\/IMG_20240423_210200__01-1024x695.jpg 1024w, https:\/\/lernenmachtspass.net\/wp-content\/uploads\/2024\/04\/IMG_20240423_210200__01-300x204.jpg 300w, https:\/\/lernenmachtspass.net\/wp-content\/uploads\/2024\/04\/IMG_20240423_210200__01-768x521.jpg 768w, https:\/\/lernenmachtspass.net\/wp-content\/uploads\/2024\/04\/IMG_20240423_210200__01-1536x1043.jpg 1536w, https:\/\/lernenmachtspass.net\/wp-content\/uploads\/2024\/04\/IMG_20240423_210200__01-2048x1391.jpg 2048w, https:\/\/lernenmachtspass.net\/wp-content\/uploads\/2024\/04\/IMG_20240423_210200__01-1200x815.jpg 1200w, https:\/\/lernenmachtspass.net\/wp-content\/uploads\/2024\/04\/IMG_20240423_210200__01-1980x1344.jpg 1980w\" sizes=\"(max-width: 1024px) 100vw, 1024px\" \/><\/figure>\n\n\n\n<p>Zeichne, um mehr inneren Frieden zu bekommen und erlebe, wie Vieles leichter wird.<\/p>\n\n\n\n<p><strong>Urlaub mal anders<\/strong><\/p>\n\n\n\n<p>M\u00f6chtest du eine Woche etwas f\u00fcr deinen inneren Frieden tun und umweltfreundlich eine besondere Reise zu dir selbst antreten? Denn Frieden f\u00e4ngt bei dir an und wirkt nach au\u00dfen, in die Welt.<\/p>\n\n\n\n<p><a href=\"https:\/\/lernenmachtspass.net\/index.php\/urlaub-mal-anders\/\">Erlebe friedliche Details hier<\/a><\/p>\n\n\n\n<p><\/p>\n<\/div>\n\n\n\n<div class=\"wp-block-column is-layout-flow\">\n<h6 class=\"wp-block-heading\">In Frieden sein mit&#8230;:<\/h6>\n\n\n\n<p>Du hast eine Idee, ein Thema oder ein Anliegen im Bereich pers\u00f6nliches Wachstum, Lernen, Ern\u00e4hrung, Klang&#8230; mit dem du in Frieden kommen m\u00f6chtest.<br>Wir entwerfen gemeinsam etwas, das dir und den Menschen, die dabei sind gut tut. <\/p>\n\n\n\n<p>Melde dich bei mir:<br>Frieden@lernenmachtspass.net 0162 2162141<\/p>\n<\/div>\n<\/div>\n\n\n\n<p><a href=\"https:\/\/lernenmachtspass.net\/index.php\/2022\/02\/26\/das-sagen-andere\/\">Das sagen andere \u00fcber diese Arbeit<\/a><\/p>\n\n\n\n<p>Hast du Fragen oder willst dich anmelden, schicke mir eine mail: flieg@lernenmachtspass.net<\/p>\n","protected":false},"excerpt":{"rendered":"<p>Die wichtigsten Workshops im \u00dcberblick 8.11.25 &#8211; 9.11.25 10.1.25 &#8211; 11.1.25 Fliege in deine goldene Zukunft Plane so, dass du spielend leicht in einer gl\u00fccklichen Gegenwart lebst &#8211; Du glaubst das ist nicht m\u00f6glich?Ich biete dir an, durch den Workshop und indem wir dich weiterhin an die Hand nehmen, dein Leben so zu gestalten, dass [&hellip;]<\/p>\n","protected":false},"author":2,"featured_media":184,"parent":0,"menu_order":0,"comment_status":"closed","ping_status":"closed","template":"","meta":[],"yoast_head":"<!-- This site is optimized with the Yoast SEO plugin v20.8 - https:\/\/yoast.com\/wordpress\/plugins\/seo\/ -->\n<title>Erlebe deinen Frieden - Lustvoll lernen!<\/title>\n<meta name=\"robots\" content=\"index, follow, max-snippet:-1, max-image-preview:large, max-video-preview:-1\" \/>\n<link rel=\"canonical\" href=\"https:\/\/lernenmachtspass.net\/index.php\/fliege-in-deine-goldenen-zukunft\/\" \/>\n<meta property=\"og:locale\" content=\"de_DE\" \/>\n<meta property=\"og:type\" content=\"article\" \/>\n<meta property=\"og:title\" content=\"Erlebe deinen Frieden - Lustvoll lernen!\" \/>\n<meta property=\"og:description\" content=\"Die wichtigsten Workshops im \u00dcberblick 8.11.25 &#8211; 9.11.25 10.1.25 &#8211; 11.1.25 Fliege in deine goldene Zukunft Plane so, dass du spielend leicht in einer gl\u00fccklichen Gegenwart lebst &#8211; Du glaubst das ist nicht m\u00f6glich?Ich biete dir an, durch den Workshop und indem wir dich weiterhin an die Hand nehmen, dein Leben so zu gestalten, dass [&hellip;]\" \/>\n<meta property=\"og:url\" content=\"https:\/\/lernenmachtspass.net\/index.php\/fliege-in-deine-goldenen-zukunft\/\" \/>\n<meta property=\"og:site_name\" content=\"Lustvoll lernen!\" \/>\n<meta property=\"article:modified_time\" content=\"2025-06-16T06:32:45+00:00\" \/>\n<meta property=\"og:image\" content=\"https:\/\/lernenmachtspass.net\/wp-content\/uploads\/2021\/09\/FullSizeRender.jpg\" \/>\n\t<meta property=\"og:image:width\" content=\"1682\" \/>\n\t<meta property=\"og:image:height\" content=\"1261\" \/>\n\t<meta property=\"og:image:type\" content=\"image\/jpeg\" \/>\n<meta name=\"twitter:card\" content=\"summary_large_image\" \/>\n<meta name=\"twitter:label1\" content=\"Gesch\u00e4tzte Lesezeit\" \/>\n\t<meta name=\"twitter:data1\" content=\"2\u00a0Minuten\" \/>\n<script type=\"application\/ld+json\" class=\"yoast-schema-graph\">{\"@context\":\"https:\/\/schema.org\",\"@graph\":[{\"@type\":\"WebPage\",\"@id\":\"https:\/\/lernenmachtspass.net\/index.php\/fliege-in-deine-goldenen-zukunft\/\",\"url\":\"https:\/\/lernenmachtspass.net\/index.php\/fliege-in-deine-goldenen-zukunft\/\",\"name\":\"Erlebe deinen Frieden - Lustvoll lernen!\",\"isPartOf\":{\"@id\":\"https:\/\/lernenmachtspass.net\/#website\"},\"datePublished\":\"2025-05-20T15:54:58+00:00\",\"dateModified\":\"2025-06-16T06:32:45+00:00\",\"breadcrumb\":{\"@id\":\"https:\/\/lernenmachtspass.net\/index.php\/fliege-in-deine-goldenen-zukunft\/#breadcrumb\"},\"inLanguage\":\"de\",\"potentialAction\":[{\"@type\":\"ReadAction\",\"target\":[\"https:\/\/lernenmachtspass.net\/index.php\/fliege-in-deine-goldenen-zukunft\/\"]}]},{\"@type\":\"BreadcrumbList\",\"@id\":\"https:\/\/lernenmachtspass.net\/index.php\/fliege-in-deine-goldenen-zukunft\/#breadcrumb\",\"itemListElement\":[{\"@type\":\"ListItem\",\"position\":1,\"name\":\"Startseite\",\"item\":\"https:\/\/lernenmachtspass.net\/\"},{\"@type\":\"ListItem\",\"position\":2,\"name\":\"Erlebe deinen Frieden\"}]},{\"@type\":\"WebSite\",\"@id\":\"https:\/\/lernenmachtspass.net\/#website\",\"url\":\"https:\/\/lernenmachtspass.net\/\",\"name\":\"Lustvoll lernen!\",\"description\":\"Lerne und dein Leben verbessert dich\",\"potentialAction\":[{\"@type\":\"SearchAction\",\"target\":{\"@type\":\"EntryPoint\",\"urlTemplate\":\"https:\/\/lernenmachtspass.net\/?s={search_term_string}\"},\"query-input\":\"required name=search_term_string\"}],\"inLanguage\":\"de\"}]}<\/script>\n<!-- \/ Yoast SEO plugin. -->","yoast_head_json":{"title":"Erlebe deinen Frieden - Lustvoll lernen!","robots":{"index":"index","follow":"follow","max-snippet":"max-snippet:-1","max-image-preview":"max-image-preview:large","max-video-preview":"max-video-preview:-1"},"canonical":"https:\/\/lernenmachtspass.net\/index.php\/fliege-in-deine-goldenen-zukunft\/","og_locale":"de_DE","og_type":"article","og_title":"Erlebe deinen Frieden - Lustvoll lernen!","og_description":"Die wichtigsten Workshops im \u00dcberblick 8.11.25 &#8211; 9.11.25 10.1.25 &#8211; 11.1.25 Fliege in deine goldene Zukunft Plane so, dass du spielend leicht in einer gl\u00fccklichen Gegenwart lebst &#8211; Du glaubst das ist nicht m\u00f6glich?Ich biete dir an, durch den Workshop und indem wir dich weiterhin an die Hand nehmen, dein Leben so zu gestalten, dass [&hellip;]","og_url":"https:\/\/lernenmachtspass.net\/index.php\/fliege-in-deine-goldenen-zukunft\/","og_site_name":"Lustvoll lernen!","article_modified_time":"2025-06-16T06:32:45+00:00","og_image":[{"width":1682,"height":1261,"url":"https:\/\/lernenmachtspass.net\/wp-content\/uploads\/2021\/09\/FullSizeRender.jpg","type":"image\/jpeg"}],"twitter_card":"summary_large_image","twitter_misc":{"Gesch\u00e4tzte Lesezeit":"2\u00a0Minuten"},"schema":{"@context":"https:\/\/schema.org","@graph":[{"@type":"WebPage","@id":"https:\/\/lernenmachtspass.net\/index.php\/fliege-in-deine-goldenen-zukunft\/","url":"https:\/\/lernenmachtspass.net\/index.php\/fliege-in-deine-goldenen-zukunft\/","name":"Erlebe deinen Frieden - Lustvoll lernen!","isPartOf":{"@id":"https:\/\/lernenmachtspass.net\/#website"},"datePublished":"2025-05-20T15:54:58+00:00","dateModified":"2025-06-16T06:32:45+00:00","breadcrumb":{"@id":"https:\/\/lernenmachtspass.net\/index.php\/fliege-in-deine-goldenen-zukunft\/#breadcrumb"},"inLanguage":"de","potentialAction":[{"@type":"ReadAction","target":["https:\/\/lernenmachtspass.net\/index.php\/fliege-in-deine-goldenen-zukunft\/"]}]},{"@type":"BreadcrumbList","@id":"https:\/\/lernenmachtspass.net\/index.php\/fliege-in-deine-goldenen-zukunft\/#breadcrumb","itemListElement":[{"@type":"ListItem","position":1,"name":"Startseite","item":"https:\/\/lernenmachtspass.net\/"},{"@type":"ListItem","position":2,"name":"Erlebe deinen Frieden"}]},{"@type":"WebSite","@id":"https:\/\/lernenmachtspass.net\/#website","url":"https:\/\/lernenmachtspass.net\/","name":"Lustvoll lernen!","description":"Lerne und dein Leben verbessert dich","potentialAction":[{"@type":"SearchAction","target":{"@type":"EntryPoint","urlTemplate":"https:\/\/lernenmachtspass.net\/?s={search_term_string}"},"query-input":"required name=search_term_string"}],"inLanguage":"de"}]}},"_links":{"self":[{"href":"https:\/\/lernenmachtspass.net\/index.php\/wp-json\/wp\/v2\/pages\/145"}],"collection":[{"href":"https:\/\/lernenmachtspass.net\/index.php\/wp-json\/wp\/v2\/pages"}],"about":[{"href":"https:\/\/lernenmachtspass.net\/index.php\/wp-json\/wp\/v2\/types\/page"}],"author":[{"embeddable":true,"href":"https:\/\/lernenmachtspass.net\/index.php\/wp-json\/wp\/v2\/users\/2"}],"replies":[{"embeddable":true,"href":"https:\/\/lernenmachtspass.net\/index.php\/wp-json\/wp\/v2\/comments?post=145"}],"version-history":[{"count":24,"href":"https:\/\/lernenmachtspass.net\/index.php\/wp-json\/wp\/v2\/pages\/145\/revisions"}],"predecessor-version":[{"id":764,"href":"https:\/\/lernenmachtspass.net\/index.php\/wp-json\/wp\/v2\/pages\/145\/revisions\/764"}],"wp:featuredmedia":[{"embeddable":true,"href":"https:\/\/lernenmachtspass.net\/index.php\/wp-json\/wp\/v2\/media\/184"}],"wp:attachment":[{"href":"https:\/\/lernenmachtspass.net\/index.php\/wp-json\/wp\/v2\/media?parent=145"}],"curies":[{"name":"wp","href":"https:\/\/api.w.org\/{rel}","templated":true}]}}